{"id":6958,"date":"2025-09-20T05:38:23","date_gmt":"2025-09-20T05:38:23","guid":{"rendered":"https:\/\/cemvalderas.es\/dev\/?page_id=6958"},"modified":"2025-10-30T15:11:58","modified_gmt":"2025-10-30T15:11:58","slug":"contacto","status":"publish","type":"page","link":"https:\/\/cemvalderas.es\/dev\/contacto\/","title":{"rendered":"Contacto"},"content":{"rendered":"\t\t<div data-elementor-type=\"wp-page\" data-elementor-id=\"6958\" class=\"elementor elementor-6958\" data-elementor-post-type=\"page\">\n\t\t\t\t<div class=\"elementor-element elementor-element-e70091b e-flex e-con-boxed e-con e-parent\" data-id=\"e70091b\" data-element_type=\"container\" data-settings=\"{&quot;background_background&quot;:&quot;classic&quot;}\">\n\t\t\t\t\t<div class=\"e-con-inner\">\n\t\t\t\t<div class=\"elementor-element elementor-element-7499f7b elementor-widget elementor-widget-image\" data-id=\"7499f7b\" data-element_type=\"widget\" data-widget_type=\"image.default\">\n\t\t\t\t\t\t\t\t\t\t\t\t\t\t\t<img fetchpriority=\"high\" decoding=\"async\" width=\"1920\" height=\"1080\" src=\"https:\/\/cemvalderas.es\/dev\/wp-content\/uploads\/2025\/09\/3bfa7df405704cacc6288ff0751c33a2d3ad2a00-1.gif\" class=\"attachment-full size-full wp-image-6965\" alt=\"Contacto Clinica Dental CEM Valderas Dentistas Alcorc\u00f3n. Solicita Cita Previa para visitar nuestras modernas instalaciones\" \/>\t\t\t\t\t\t\t\t\t\t\t\t\t\t\t<\/div>\n\t\t<div class=\"elementor-element elementor-element-981720a e-con-full e-flex e-con e-child\" data-id=\"981720a\" data-element_type=\"container\">\n\t\t<div class=\"elementor-element elementor-element-636ae4b e-con-full e-flex e-con e-child\" data-id=\"636ae4b\" data-element_type=\"container\">\n\t\t\t\t<div class=\"elementor-element elementor-element-22b80da elementor-widget elementor-widget-heading\" data-id=\"22b80da\" data-element_type=\"widget\" data-widget_type=\"heading.default\">\n\t\t\t\t\t<h2 class=\"elementor-heading-title elementor-size-default\">Mockups que crean belleza <\/br>genuina<\/h2>\t\t\t\t<\/div>\n\t\t\t\t<\/div>\n\t\t<div class=\"elementor-element elementor-element-3d23b6e e-con-full e-flex e-con e-child\" data-id=\"3d23b6e\" data-element_type=\"container\">\n\t\t\t\t<div class=\"elementor-element elementor-element-ca3edd1 elementor-widget elementor-widget-text-editor\" data-id=\"ca3edd1\" data-element_type=\"widget\" data-widget_type=\"text-editor.default\">\n\t\t\t\t\t\t\t\t\t<p>Somos una cl\u00ednica 100% especializada en belleza dental. Nos aseguramos a trav\u00e9s de la creaci\u00f3n de mockups de conseguir elevar tu belleza dental a otro nivel.<\/p>\t\t\t\t\t\t\t\t<\/div>\n\t\t\t\t<\/div>\n\t\t\t\t<\/div>\n\t\t\t\t\t<\/div>\n\t\t\t\t<\/div>\n\t\t<div class=\"elementor-element elementor-element-2be5d3d e-flex e-con-boxed e-con e-parent\" data-id=\"2be5d3d\" data-element_type=\"container\" data-settings=\"{&quot;background_background&quot;:&quot;classic&quot;}\">\n\t\t\t\t\t<div class=\"e-con-inner\">\n\t\t<div class=\"elementor-element elementor-element-ddbc6f1 e-con-full e-flex e-con e-child\" data-id=\"ddbc6f1\" data-element_type=\"container\">\n\t\t\t\t<div class=\"elementor-element elementor-element-7aefebb elementor-widget elementor-widget-heading\" data-id=\"7aefebb\" data-element_type=\"widget\" data-widget_type=\"heading.default\">\n\t\t\t\t\t<h2 class=\"elementor-heading-title elementor-size-default\">Da el paso hacia tu\n<\/br><b>sonrisa perfecta<\/b><\/h2>\t\t\t\t<\/div>\n\t\t\t\t<div class=\"elementor-element elementor-element-8c875db elementor-widget elementor-widget-text-editor\" data-id=\"8c875db\" data-element_type=\"widget\" data-widget_type=\"text-editor.default\">\n\t\t\t\t\t\t\t\t\t<p>Escr\u00edbenos o ll\u00e1manos para reservar tu cita gratuita y sin compromiso. Descubre c\u00f3mo podemos transformar tu sonrisa con nuestro m\u00e9todo \u00fanico.<\/p>\t\t\t\t\t\t\t\t<\/div>\n\t\t\t\t<\/div>\n\t\t\t\t\t<\/div>\n\t\t\t\t<\/div>\n\t\t<div class=\"elementor-element elementor-element-5f09b75 e-con-full e-flex e-con e-parent\" data-id=\"5f09b75\" data-element_type=\"container\" data-settings=\"{&quot;background_background&quot;:&quot;classic&quot;}\">\n\t\t<div class=\"elementor-element elementor-element-afdf9ce e-flex e-con-boxed e-con e-child\" data-id=\"afdf9ce\" data-element_type=\"container\">\n\t\t\t\t\t<div class=\"e-con-inner\">\n\t\t\t\t<div class=\"elementor-element elementor-element-7021890 elementor-widget__width-initial elementor-widget elementor-widget-heading\" data-id=\"7021890\" data-element_type=\"widget\" data-widget_type=\"heading.default\">\n\t\t\t\t\t<div class=\"elementor-heading-title elementor-size-default\">\u00a1Reserva tu primera\n<br \/><b>consulta gratuita!<\/b><\/div>\t\t\t\t<\/div>\n\t\t<div class=\"elementor-element elementor-element-3070a7d e-con-full e-flex e-con e-child\" data-id=\"3070a7d\" data-element_type=\"container\">\n\t\t<div class=\"elementor-element elementor-element-9b95e3b e-con-full e-flex e-con e-child\" data-id=\"9b95e3b\" data-element_type=\"container\">\n\t\t<div class=\"elementor-element elementor-element-9a1df26 e-con-full e-flex e-con e-child\" data-id=\"9a1df26\" data-element_type=\"container\">\n\t\t<div class=\"elementor-element elementor-element-2b47ec5 e-con-full e-flex e-con e-child\" data-id=\"2b47ec5\" data-element_type=\"container\">\n\t\t<div class=\"elementor-element elementor-element-516c01c e-con-full e-flex e-con e-child\" data-id=\"516c01c\" data-element_type=\"container\">\n\t\t\t\t<div class=\"elementor-element elementor-element-bd46cf8 elementor-button-align-start elementor-widget elementor-widget-global elementor-global-6899 elementor-widget-form\" data-id=\"bd46cf8\" data-element_type=\"widget\" data-settings=\"{&quot;step_next_label&quot;:&quot;Next&quot;,&quot;step_previous_label&quot;:&quot;Previous&quot;,&quot;button_width&quot;:&quot;100&quot;,&quot;step_type&quot;:&quot;number_text&quot;,&quot;step_icon_shape&quot;:&quot;circle&quot;}\" data-widget_type=\"form.default\">\n\t\t\t\t\t\t\t<form class=\"elementor-form\" method=\"post\" name=\"New Form\" aria-label=\"New Form\">\n\t\t\t<input type=\"hidden\" name=\"post_id\" value=\"6958\"\/>\n\t\t\t<input type=\"hidden\" name=\"form_id\" value=\"bd46cf8\"\/>\n\t\t\t<input type=\"hidden\" name=\"referer_title\" value=\"Clinica Dental CEM Valderas Dentistas Alcorcon\" \/>\n\n\t\t\t\n\t\t\t<div class=\"elementor-form-fields-wrapper elementor-labels-\">\n\t\t\t\t\t\t\t\t<div class=\"elementor-field-type-text elementor-field-group elementor-column elementor-field-group-name elementor-col-40 elementor-field-required\">\n\t\t\t\t\t\t\t\t\t\t\t\t<label for=\"form-field-name\" class=\"elementor-field-label elementor-screen-only\">\n\t\t\t\t\t\t\t\tNombre\t\t\t\t\t\t\t<\/label>\n\t\t\t\t\t\t\t\t\t\t\t\t\t\t<input size=\"1\" type=\"text\" name=\"form_fields[name]\" id=\"form-field-name\" class=\"elementor-field elementor-size-sm  elementor-field-textual\" placeholder=\"Nombre\" required=\"required\">\n\t\t\t\t\t\t\t\t\t\t\t<\/div>\n\t\t\t\t\t\t\t\t<div class=\"elementor-field-type-text elementor-field-group elementor-column elementor-field-group-field_6bc5346 elementor-col-60 elementor-field-required\">\n\t\t\t\t\t\t\t\t\t\t\t\t<label for=\"form-field-field_6bc5346\" class=\"elementor-field-label elementor-screen-only\">\n\t\t\t\t\t\t\t\tTel\u00e9fono\t\t\t\t\t\t\t<\/label>\n\t\t\t\t\t\t\t\t\t\t\t\t\t\t<input size=\"1\" type=\"text\" name=\"form_fields[field_6bc5346]\" id=\"form-field-field_6bc5346\" class=\"elementor-field elementor-size-sm  elementor-field-textual\" placeholder=\"Tel\u00e9fono\" required=\"required\">\n\t\t\t\t\t\t\t\t\t\t\t<\/div>\n\t\t\t\t\t\t\t\t<div class=\"elementor-field-type-email elementor-field-group elementor-column elementor-field-group-email elementor-col-100 elementor-field-required\">\n\t\t\t\t\t\t\t\t\t\t\t\t<label for=\"form-field-email\" class=\"elementor-field-label elementor-screen-only\">\n\t\t\t\t\t\t\t\tEmail\t\t\t\t\t\t\t<\/label>\n\t\t\t\t\t\t\t\t\t\t\t\t\t\t<input size=\"1\" type=\"email\" name=\"form_fields[email]\" id=\"form-field-email\" class=\"elementor-field elementor-size-sm  elementor-field-textual\" placeholder=\"Email\" required=\"required\">\n\t\t\t\t\t\t\t\t\t\t\t<\/div>\n\t\t\t\t\t\t\t\t<div class=\"elementor-field-type-textarea elementor-field-group elementor-column elementor-field-group-message elementor-col-100\">\n\t\t\t\t\t\t\t\t\t\t\t\t<label for=\"form-field-message\" class=\"elementor-field-label elementor-screen-only\">\n\t\t\t\t\t\t\t\tCu\u00e9ntanos tu caso \t\t\t\t\t\t\t<\/label>\n\t\t\t\t\t\t<textarea class=\"elementor-field-textual elementor-field  elementor-size-sm\" name=\"form_fields[message]\" id=\"form-field-message\" rows=\"4\" placeholder=\"Cu\u00e9ntanos tu caso \"><\/textarea>\t\t\t\t<\/div>\n\t\t\t\t\t\t\t\t<div class=\"elementor-field-group elementor-column elementor-field-type-submit elementor-col-100 e-form__buttons\">\n\t\t\t\t\t<button class=\"elementor-button elementor-size-sm\" type=\"submit\">\n\t\t\t\t\t\t<span class=\"elementor-button-content-wrapper\">\n\t\t\t\t\t\t\t\t\t\t\t\t\t\t\t<span class=\"elementor-button-icon\">\n\t\t\t\t\t\t\t\t\t<svg aria-hidden=\"true\" class=\"e-font-icon-svg e-far-address-book\" viewBox=\"0 0 448 512\" xmlns=\"http:\/\/www.w3.org\/2000\/svg\"><path d=\"M436 160c6.6 0 12-5.4 12-12v-40c0-6.6-5.4-12-12-12h-20V48c0-26.5-21.5-48-48-48H48C21.5 0 0 21.5 0 48v416c0 26.5 21.5 48 48 48h320c26.5 0 48-21.5 48-48v-48h20c6.6 0 12-5.4 12-12v-40c0-6.6-5.4-12-12-12h-20v-64h20c6.6 0 12-5.4 12-12v-40c0-6.6-5.4-12-12-12h-20v-64h20zm-68 304H48V48h320v416zM208 256c35.3 0 64-28.7 64-64s-28.7-64-64-64-64 28.7-64 64 28.7 64 64 64zm-89.6 128h179.2c12.4 0 22.4-8.6 22.4-19.2v-19.2c0-31.8-30.1-57.6-67.2-57.6-10.8 0-18.7 8-44.8 8-26.9 0-33.4-8-44.8-8-37.1 0-67.2 25.8-67.2 57.6v19.2c0 10.6 10 19.2 22.4 19.2z\"><\/path><\/svg>\t\t\t\t\t\t\t\t\t\t\t\t\t\t\t\t\t<\/span>\n\t\t\t\t\t\t\t\t\t\t\t\t\t\t\t\t\t\t\t\t\t\t<span class=\"elementor-button-text\">AGENDAR CITA<\/span>\n\t\t\t\t\t\t\t\t\t\t\t\t\t<\/span>\n\t\t\t\t\t<\/button>\n\t\t\t\t<\/div>\n\t\t\t<\/div>\n\t\t<\/form>\n\t\t\t\t\t\t<\/div>\n\t\t\t\t<\/div>\n\t\t\t\t<\/div>\n\t\t\t\t<\/div>\n\t\t\t\t<\/div>\n\t\t<div class=\"elementor-element elementor-element-9c48a4e e-con-full e-flex e-con e-child\" data-id=\"9c48a4e\" data-element_type=\"container\" data-settings=\"{&quot;background_background&quot;:&quot;classic&quot;}\">\n\t\t\t\t<div class=\"elementor-element elementor-element-89515f5 elementor-widget__width-initial elementor-widget elementor-widget-heading\" data-id=\"89515f5\" data-element_type=\"widget\" data-widget_type=\"heading.default\">\n\t\t\t\t\t<div class=\"elementor-heading-title elementor-size-default\">Adem\u00e1s..<\/div>\t\t\t\t<\/div>\n\t\t<div class=\"elementor-element elementor-element-b0d4254 e-con-full e-flex e-con e-child\" data-id=\"b0d4254\" data-element_type=\"container\">\n\t\t\t\t<div class=\"elementor-element elementor-element-c67e2ff elementor-widget elementor-widget-image\" data-id=\"c67e2ff\" data-element_type=\"widget\" data-widget_type=\"image.default\">\n\t\t\t\t\t\t\t\t\t\t\t\t\t\t\t<img decoding=\"async\" width=\"28\" height=\"29\" src=\"https:\/\/cemvalderas.es\/dev\/wp-content\/uploads\/2025\/09\/335ba5d2a52e7eafdad2234f1a55262f.png\" class=\"attachment-full size-full wp-image-418\" alt=\"\" \/>\t\t\t\t\t\t\t\t\t\t\t\t\t\t\t<\/div>\n\t\t\t\t<div class=\"elementor-element elementor-element-d3e75d4 elementor-widget__width-initial elementor-widget elementor-widget-heading\" data-id=\"d3e75d4\" data-element_type=\"widget\" data-widget_type=\"heading.default\">\n\t\t\t\t\t<div class=\"elementor-heading-title elementor-size-default\">Primera consulta completamente gratuita y sin compromiso<\/div>\t\t\t\t<\/div>\n\t\t<div class=\"elementor-element elementor-element-8a81a53 e-con-full e-flex e-con e-child\" data-id=\"8a81a53\" data-element_type=\"container\" data-settings=\"{&quot;position&quot;:&quot;absolute&quot;}\">\n\t\t\t\t<\/div>\n\t\t\t\t<\/div>\n\t\t<div class=\"elementor-element elementor-element-20ae28f e-con-full e-flex e-con e-child\" data-id=\"20ae28f\" data-element_type=\"container\">\n\t\t\t\t<div class=\"elementor-element elementor-element-b225483 elementor-widget elementor-widget-image\" data-id=\"b225483\" data-element_type=\"widget\" data-widget_type=\"image.default\">\n\t\t\t\t\t\t\t\t\t\t\t\t\t\t\t<img decoding=\"async\" width=\"28\" height=\"28\" src=\"https:\/\/cemvalderas.es\/dev\/wp-content\/uploads\/2025\/09\/dff4dfa90babd52136d40364b416fff1.png\" class=\"attachment-full size-full wp-image-419\" alt=\"\" \/>\t\t\t\t\t\t\t\t\t\t\t\t\t\t\t<\/div>\n\t\t\t\t<div class=\"elementor-element elementor-element-edac06f elementor-widget__width-initial elementor-widget elementor-widget-heading\" data-id=\"edac06f\" data-element_type=\"widget\" data-widget_type=\"heading.default\">\n\t\t\t\t\t<div class=\"elementor-heading-title elementor-size-default\">Prediagn\u00f3stico personalizado incluido<\/div>\t\t\t\t<\/div>\n\t\t\t\t<\/div>\n\t\t<div class=\"elementor-element elementor-element-43e3d23 e-con-full e-flex e-con e-child\" data-id=\"43e3d23\" data-element_type=\"container\">\n\t\t\t\t<div class=\"elementor-element elementor-element-6f94198 elementor-widget elementor-widget-image\" data-id=\"6f94198\" data-element_type=\"widget\" data-widget_type=\"image.default\">\n\t\t\t\t\t\t\t\t\t\t\t\t\t\t\t<img loading=\"lazy\" decoding=\"async\" width=\"28\" height=\"28\" src=\"https:\/\/cemvalderas.es\/dev\/wp-content\/uploads\/2025\/09\/6b812533b659cc3a9854bc63451d10e0.png\" class=\"attachment-full size-full wp-image-420\" alt=\"\" \/>\t\t\t\t\t\t\t\t\t\t\t\t\t\t\t<\/div>\n\t\t\t\t<div class=\"elementor-element elementor-element-a96b110 elementor-widget__width-initial elementor-widget elementor-widget-heading\" data-id=\"a96b110\" data-element_type=\"widget\" data-widget_type=\"heading.default\">\n\t\t\t\t\t<div class=\"elementor-heading-title elementor-size-default\">Financiaci\u00f3n 100% disponible - Estudia tu caso r\u00e1pidamente<\/div>\t\t\t\t<\/div>\n\t\t\t\t<\/div>\n\t\t<div class=\"elementor-element elementor-element-b8bd1d0 e-con-full e-flex e-con e-child\" data-id=\"b8bd1d0\" data-element_type=\"container\" data-settings=\"{&quot;position&quot;:&quot;absolute&quot;}\">\n\t\t\t\t<\/div>\n\t\t\t\t<\/div>\n\t\t\t\t<\/div>\n\t\t\t\t\t<\/div>\n\t\t\t\t<\/div>\n\t\t\t\t<\/div>\n\t\t\t\t<\/div>\n\t\t","protected":false},"excerpt":{"rendered":"<p>Mockups que crean belleza genuina Somos una cl\u00ednica 100% especializada en belleza dental. Nos aseguramos a trav\u00e9s de la creaci\u00f3n de mockups de conseguir elevar tu belleza dental a otro nivel. Da el paso hacia tu sonrisa perfecta Escr\u00edbenos o ll\u00e1manos para reservar tu cita gratuita y sin compromiso. Descubre c\u00f3mo podemos transformar tu sonrisa [&hellip;]<\/p>\n","protected":false},"author":1,"featured_media":6965,"parent":0,"menu_order":0,"comment_status":"closed","ping_status":"closed","template":"","meta":{"footnotes":""},"class_list":["post-6958","page","type-page","status-publish","has-post-thumbnail","hentry"],"yoast_head":"<!-- This site is optimized with the Yoast SEO plugin v26.8 - https:\/\/yoast.com\/product\/yoast-seo-wordpress\/ -->\n<title>Contacto - Clinica Dental CEM Valderas Dentistas Alcorcon<\/title>\n<meta name=\"description\" content=\"Contacto Clinica Dental CEM Valderas Dentistas Alcorc\u00f3n. Solicita Cita Previa para visitar nuestras modernas instalaciones\" \/>\n<meta name=\"robots\" content=\"index, follow, max-snippet:-1, max-image-preview:large, max-video-preview:-1\" \/>\n<link rel=\"canonical\" href=\"https:\/\/cemvalderas.es\/dev\/contacto\/\" \/>\n<meta property=\"og:locale\" content=\"es_ES\" \/>\n<meta property=\"og:type\" content=\"article\" \/>\n<meta property=\"og:title\" content=\"Contacto - Clinica Dental CEM Valderas Dentistas Alcorcon\" \/>\n<meta property=\"og:description\" content=\"Contacto Clinica Dental CEM Valderas Dentistas Alcorc\u00f3n. Solicita Cita Previa para visitar nuestras modernas instalaciones\" \/>\n<meta property=\"og:url\" content=\"https:\/\/cemvalderas.es\/dev\/contacto\/\" \/>\n<meta property=\"og:site_name\" content=\"Clinica Dental CEM Valderas Dentistas Alcorcon\" \/>\n<meta property=\"article:modified_time\" content=\"2025-10-30T15:11:58+00:00\" \/>\n<meta property=\"og:image\" content=\"https:\/\/cemvalderas.es\/dev\/wp-content\/uploads\/2025\/09\/3bfa7df405704cacc6288ff0751c33a2d3ad2a00-1-1024x576.gif\" \/>\n\t<meta property=\"og:image:width\" content=\"1024\" \/>\n\t<meta property=\"og:image:height\" content=\"576\" \/>\n\t<meta property=\"og:image:type\" content=\"image\/gif\" \/>\n<meta name=\"twitter:card\" content=\"summary_large_image\" \/>\n<meta name=\"twitter:title\" content=\"Contacto - Clinica Dental CEM Valderas Dentistas Alcorcon\" \/>\n<meta name=\"twitter:description\" content=\"Contacto Clinica Dental CEM Valderas Dentistas Alcorc\u00f3n. Solicita Cita Previa para visitar nuestras modernas instalaciones\" \/>\n<meta name=\"twitter:image\" content=\"https:\/\/cemvalderas.es\/dev\/wp-content\/uploads\/2025\/09\/3bfa7df405704cacc6288ff0751c33a2d3ad2a00-1.gif\" \/>\n<meta name=\"twitter:label1\" content=\"Tiempo de lectura\" \/>\n\t<meta name=\"twitter:data1\" content=\"1 minuto\" \/>\n<script type=\"application\/ld+json\" class=\"yoast-schema-graph\">{\"@context\":\"https:\/\/schema.org\",\"@graph\":[{\"@type\":\"WebPage\",\"@id\":\"https:\/\/cemvalderas.es\/dev\/contacto\/\",\"url\":\"https:\/\/cemvalderas.es\/dev\/contacto\/\",\"name\":\"Contacto - Clinica Dental CEM Valderas Dentistas Alcorcon\",\"isPartOf\":{\"@id\":\"https:\/\/cemvalderas.es\/dev\/#website\"},\"primaryImageOfPage\":{\"@id\":\"https:\/\/cemvalderas.es\/dev\/contacto\/#primaryimage\"},\"image\":{\"@id\":\"https:\/\/cemvalderas.es\/dev\/contacto\/#primaryimage\"},\"thumbnailUrl\":\"https:\/\/cemvalderas.es\/dev\/wp-content\/uploads\/2025\/09\/3bfa7df405704cacc6288ff0751c33a2d3ad2a00-1.gif\",\"datePublished\":\"2025-09-20T05:38:23+00:00\",\"dateModified\":\"2025-10-30T15:11:58+00:00\",\"description\":\"Contacto Clinica Dental CEM Valderas Dentistas Alcorc\u00f3n. Solicita Cita Previa para visitar nuestras modernas instalaciones\",\"breadcrumb\":{\"@id\":\"https:\/\/cemvalderas.es\/dev\/contacto\/#breadcrumb\"},\"inLanguage\":\"es\",\"potentialAction\":[{\"@type\":\"ReadAction\",\"target\":[\"https:\/\/cemvalderas.es\/dev\/contacto\/\"]}]},{\"@type\":\"ImageObject\",\"inLanguage\":\"es\",\"@id\":\"https:\/\/cemvalderas.es\/dev\/contacto\/#primaryimage\",\"url\":\"https:\/\/cemvalderas.es\/dev\/wp-content\/uploads\/2025\/09\/3bfa7df405704cacc6288ff0751c33a2d3ad2a00-1.gif\",\"contentUrl\":\"https:\/\/cemvalderas.es\/dev\/wp-content\/uploads\/2025\/09\/3bfa7df405704cacc6288ff0751c33a2d3ad2a00-1.gif\",\"width\":1920,\"height\":1080,\"caption\":\"Contacto Clinica Dental CEM Valderas Dentistas Alcorc\u00f3n. Solicita Cita Previa para visitar nuestras modernas instalaciones\"},{\"@type\":\"BreadcrumbList\",\"@id\":\"https:\/\/cemvalderas.es\/dev\/contacto\/#breadcrumb\",\"itemListElement\":[{\"@type\":\"ListItem\",\"position\":1,\"name\":\"Portada\",\"item\":\"https:\/\/cemvalderas.es\/dev\/\"},{\"@type\":\"ListItem\",\"position\":2,\"name\":\"Contacto\"}]},{\"@type\":\"WebSite\",\"@id\":\"https:\/\/cemvalderas.es\/dev\/#website\",\"url\":\"https:\/\/cemvalderas.es\/dev\/\",\"name\":\"Clinica Dental CEM Valderas Dentistas Alcorcon\",\"description\":\"Los mejores tratamientos odontol\u00f3gicos, sin dolor. Vuelve a sonre\u00edr sin que te duela el bolsillo\",\"publisher\":{\"@id\":\"https:\/\/cemvalderas.es\/dev\/#organization\"},\"potentialAction\":[{\"@type\":\"SearchAction\",\"target\":{\"@type\":\"EntryPoint\",\"urlTemplate\":\"https:\/\/cemvalderas.es\/dev\/?s={search_term_string}\"},\"query-input\":{\"@type\":\"PropertyValueSpecification\",\"valueRequired\":true,\"valueName\":\"search_term_string\"}}],\"inLanguage\":\"es\"},{\"@type\":\"Organization\",\"@id\":\"https:\/\/cemvalderas.es\/dev\/#organization\",\"name\":\"Clinica Dental CEM Valderas Dentistas Alcorcon\",\"url\":\"https:\/\/cemvalderas.es\/dev\/\",\"logo\":{\"@type\":\"ImageObject\",\"inLanguage\":\"es\",\"@id\":\"https:\/\/cemvalderas.es\/dev\/#\/schema\/logo\/image\/\",\"url\":\"https:\/\/cemvalderas.es\/dev\/wp-content\/uploads\/2025\/09\/12c4595b090208224e9ca0e24fddb595.png\",\"contentUrl\":\"https:\/\/cemvalderas.es\/dev\/wp-content\/uploads\/2025\/09\/12c4595b090208224e9ca0e24fddb595.png\",\"width\":229,\"height\":44,\"caption\":\"Clinica Dental CEM Valderas Dentistas Alcorcon\"},\"image\":{\"@id\":\"https:\/\/cemvalderas.es\/dev\/#\/schema\/logo\/image\/\"}}]}<\/script>\n<!-- \/ Yoast SEO plugin. -->","yoast_head_json":{"title":"Contacto - Clinica Dental CEM Valderas Dentistas Alcorcon","description":"Contacto Clinica Dental CEM Valderas Dentistas Alcorc\u00f3n. Solicita Cita Previa para visitar nuestras modernas instalaciones","robots":{"index":"index","follow":"follow","max-snippet":"max-snippet:-1","max-image-preview":"max-image-preview:large","max-video-preview":"max-video-preview:-1"},"canonical":"https:\/\/cemvalderas.es\/dev\/contacto\/","og_locale":"es_ES","og_type":"article","og_title":"Contacto - Clinica Dental CEM Valderas Dentistas Alcorcon","og_description":"Contacto Clinica Dental CEM Valderas Dentistas Alcorc\u00f3n. Solicita Cita Previa para visitar nuestras modernas instalaciones","og_url":"https:\/\/cemvalderas.es\/dev\/contacto\/","og_site_name":"Clinica Dental CEM Valderas Dentistas Alcorcon","article_modified_time":"2025-10-30T15:11:58+00:00","og_image":[{"width":1024,"height":576,"url":"https:\/\/cemvalderas.es\/dev\/wp-content\/uploads\/2025\/09\/3bfa7df405704cacc6288ff0751c33a2d3ad2a00-1-1024x576.gif","type":"image\/gif"}],"twitter_card":"summary_large_image","twitter_title":"Contacto - Clinica Dental CEM Valderas Dentistas Alcorcon","twitter_description":"Contacto Clinica Dental CEM Valderas Dentistas Alcorc\u00f3n. Solicita Cita Previa para visitar nuestras modernas instalaciones","twitter_image":"https:\/\/cemvalderas.es\/dev\/wp-content\/uploads\/2025\/09\/3bfa7df405704cacc6288ff0751c33a2d3ad2a00-1.gif","twitter_misc":{"Tiempo de lectura":"1 minuto"},"schema":{"@context":"https:\/\/schema.org","@graph":[{"@type":"WebPage","@id":"https:\/\/cemvalderas.es\/dev\/contacto\/","url":"https:\/\/cemvalderas.es\/dev\/contacto\/","name":"Contacto - Clinica Dental CEM Valderas Dentistas Alcorcon","isPartOf":{"@id":"https:\/\/cemvalderas.es\/dev\/#website"},"primaryImageOfPage":{"@id":"https:\/\/cemvalderas.es\/dev\/contacto\/#primaryimage"},"image":{"@id":"https:\/\/cemvalderas.es\/dev\/contacto\/#primaryimage"},"thumbnailUrl":"https:\/\/cemvalderas.es\/dev\/wp-content\/uploads\/2025\/09\/3bfa7df405704cacc6288ff0751c33a2d3ad2a00-1.gif","datePublished":"2025-09-20T05:38:23+00:00","dateModified":"2025-10-30T15:11:58+00:00","description":"Contacto Clinica Dental CEM Valderas Dentistas Alcorc\u00f3n. Solicita Cita Previa para visitar nuestras modernas instalaciones","breadcrumb":{"@id":"https:\/\/cemvalderas.es\/dev\/contacto\/#breadcrumb"},"inLanguage":"es","potentialAction":[{"@type":"ReadAction","target":["https:\/\/cemvalderas.es\/dev\/contacto\/"]}]},{"@type":"ImageObject","inLanguage":"es","@id":"https:\/\/cemvalderas.es\/dev\/contacto\/#primaryimage","url":"https:\/\/cemvalderas.es\/dev\/wp-content\/uploads\/2025\/09\/3bfa7df405704cacc6288ff0751c33a2d3ad2a00-1.gif","contentUrl":"https:\/\/cemvalderas.es\/dev\/wp-content\/uploads\/2025\/09\/3bfa7df405704cacc6288ff0751c33a2d3ad2a00-1.gif","width":1920,"height":1080,"caption":"Contacto Clinica Dental CEM Valderas Dentistas Alcorc\u00f3n. Solicita Cita Previa para visitar nuestras modernas instalaciones"},{"@type":"BreadcrumbList","@id":"https:\/\/cemvalderas.es\/dev\/contacto\/#breadcrumb","itemListElement":[{"@type":"ListItem","position":1,"name":"Portada","item":"https:\/\/cemvalderas.es\/dev\/"},{"@type":"ListItem","position":2,"name":"Contacto"}]},{"@type":"WebSite","@id":"https:\/\/cemvalderas.es\/dev\/#website","url":"https:\/\/cemvalderas.es\/dev\/","name":"Clinica Dental CEM Valderas Dentistas Alcorcon","description":"Los mejores tratamientos odontol\u00f3gicos, sin dolor. Vuelve a sonre\u00edr sin que te duela el bolsillo","publisher":{"@id":"https:\/\/cemvalderas.es\/dev\/#organization"},"potentialAction":[{"@type":"SearchAction","target":{"@type":"EntryPoint","urlTemplate":"https:\/\/cemvalderas.es\/dev\/?s={search_term_string}"},"query-input":{"@type":"PropertyValueSpecification","valueRequired":true,"valueName":"search_term_string"}}],"inLanguage":"es"},{"@type":"Organization","@id":"https:\/\/cemvalderas.es\/dev\/#organization","name":"Clinica Dental CEM Valderas Dentistas Alcorcon","url":"https:\/\/cemvalderas.es\/dev\/","logo":{"@type":"ImageObject","inLanguage":"es","@id":"https:\/\/cemvalderas.es\/dev\/#\/schema\/logo\/image\/","url":"https:\/\/cemvalderas.es\/dev\/wp-content\/uploads\/2025\/09\/12c4595b090208224e9ca0e24fddb595.png","contentUrl":"https:\/\/cemvalderas.es\/dev\/wp-content\/uploads\/2025\/09\/12c4595b090208224e9ca0e24fddb595.png","width":229,"height":44,"caption":"Clinica Dental CEM Valderas Dentistas Alcorcon"},"image":{"@id":"https:\/\/cemvalderas.es\/dev\/#\/schema\/logo\/image\/"}}]}},"_links":{"self":[{"href":"https:\/\/cemvalderas.es\/dev\/wp-json\/wp\/v2\/pages\/6958","targetHints":{"allow":["GET"]}}],"collection":[{"href":"https:\/\/cemvalderas.es\/dev\/wp-json\/wp\/v2\/pages"}],"about":[{"href":"https:\/\/cemvalderas.es\/dev\/wp-json\/wp\/v2\/types\/page"}],"author":[{"embeddable":true,"href":"https:\/\/cemvalderas.es\/dev\/wp-json\/wp\/v2\/users\/1"}],"replies":[{"embeddable":true,"href":"https:\/\/cemvalderas.es\/dev\/wp-json\/wp\/v2\/comments?post=6958"}],"version-history":[{"count":3,"href":"https:\/\/cemvalderas.es\/dev\/wp-json\/wp\/v2\/pages\/6958\/revisions"}],"predecessor-version":[{"id":7990,"href":"https:\/\/cemvalderas.es\/dev\/wp-json\/wp\/v2\/pages\/6958\/revisions\/7990"}],"wp:featuredmedia":[{"embeddable":true,"href":"https:\/\/cemvalderas.es\/dev\/wp-json\/wp\/v2\/media\/6965"}],"wp:attachment":[{"href":"https:\/\/cemvalderas.es\/dev\/wp-json\/wp\/v2\/media?parent=6958"}],"curies":[{"name":"wp","href":"https:\/\/api.w.org\/{rel}","templated":true}]}}